{"id":3587,"date":"2024-02-05T13:44:42","date_gmt":"2024-02-05T13:44:42","guid":{"rendered":"https:\/\/easytl.com\/es\/?page_id=3587"},"modified":"2024-03-29T06:30:18","modified_gmt":"2024-03-29T06:30:18","slug":"quemsomos","status":"publish","type":"page","link":"https:\/\/easytl.com\/es\/quemsomos\/","title":{"rendered":"Quem Somos"},"content":{"rendered":"\t\t<div data-elementor-type=\"wp-page\" data-elementor-id=\"3587\" class=\"elementor elementor-3587\" data-elementor-post-type=\"page\">\n\t\t\t\t<div class=\"elementor-element elementor-element-6df8e32 e-flex e-con-boxed e-con e-parent\" data-id=\"6df8e32\" data-element_type=\"container\" data-e-type=\"container\">\n\t\t\t\t\t<div class=\"e-con-inner\">\n\t\t\t\t<div class=\"elementor-element elementor-element-2c7122b elementor-widget elementor-widget-image\" data-id=\"2c7122b\" data-element_type=\"widget\" data-e-type=\"widget\" data-widget_type=\"image.default\">\n\t\t\t\t<div class=\"elementor-widget-container\">\n\t\t\t\t\t\t\t\t\t\t\t\t\t\t\t<img fetchpriority=\"high\" decoding=\"async\" width=\"1920\" height=\"300\" src=\"https:\/\/easytl.com\/es\/wp-content\/uploads\/2024\/02\/quemsomos.png\" class=\"attachment-full size-full wp-image-3693\" alt=\"\" srcset=\"https:\/\/easytl.com\/es\/wp-content\/uploads\/2024\/02\/quemsomos.png 1920w, https:\/\/easytl.com\/es\/wp-content\/uploads\/2024\/02\/quemsomos-300x47.png 300w, https:\/\/easytl.com\/es\/wp-content\/uploads\/2024\/02\/quemsomos-1024x160.png 1024w, https:\/\/easytl.com\/es\/wp-content\/uploads\/2024\/02\/quemsomos-768x120.png 768w, https:\/\/easytl.com\/es\/wp-content\/uploads\/2024\/02\/quemsomos-1536x240.png 1536w\" sizes=\"(max-width: 1920px) 100vw, 1920px\" \/>\t\t\t\t\t\t\t\t\t\t\t\t\t\t\t<\/div>\n\t\t\t\t<\/div>\n\t\t\t\t\t<\/div>\n\t\t\t\t<\/div>\n\t\t<div class=\"elementor-element elementor-element-4611c1f e-flex e-con-boxed e-con e-parent\" data-id=\"4611c1f\" data-element_type=\"container\" data-e-type=\"container\">\n\t\t\t\t\t<div class=\"e-con-inner\">\n\t\t\t\t<div class=\"elementor-element elementor-element-13ac8be elementor-widget elementor-widget-spacer\" data-id=\"13ac8be\" data-element_type=\"widget\" data-e-type=\"widget\" data-widget_type=\"spacer.default\">\n\t\t\t\t<div class=\"elementor-widget-container\">\n\t\t\t\t\t\t\t<div class=\"elementor-spacer\">\n\t\t\t<div class=\"elementor-spacer-inner\"><\/div>\n\t\t<\/div>\n\t\t\t\t\t\t<\/div>\n\t\t\t\t<\/div>\n\t\t\t\t\t<\/div>\n\t\t\t\t<\/div>\n\t\t<div class=\"elementor-element elementor-element-91d6897 e-flex e-con-boxed e-con e-parent\" data-id=\"91d6897\" data-element_type=\"container\" data-e-type=\"container\">\n\t\t\t\t\t<div class=\"e-con-inner\">\n\t\t\t\t<div class=\"elementor-element elementor-element-ce9c562 elementor-widget elementor-widget-heading\" data-id=\"ce9c562\" data-element_type=\"widget\" data-e-type=\"widget\" data-widget_type=\"heading.default\">\n\t\t\t\t<div class=\"elementor-widget-container\">\n\t\t\t\t\t<h5 class=\"elementor-heading-title elementor-size-default\">Easy Trade Log\u00edstica<\/h5>\t\t\t\t<\/div>\n\t\t\t\t<\/div>\n\t\t\t\t<div class=\"elementor-element elementor-element-7d831a5 elementor-widget elementor-widget-text-editor\" data-id=\"7d831a5\" data-element_type=\"widget\" data-e-type=\"widget\" data-widget_type=\"text-editor.default\">\n\t\t\t\t<div class=\"elementor-widget-container\">\n\t\t\t\t\t\t\t\t\t<p>A Easy Trade Log\u00edstica, atuante no setor de importa\u00e7\u00e3o, orgulha-se de sua s\u00f3lida presen\u00e7a no<br \/>mercado h\u00e1 quase uma d\u00e9cada. Ao longo desse per\u00edodo, temos dedicado esfor\u00e7os incessantes para<br \/>proporcionar servi\u00e7os de qualidade a mais de mil clientes, marcando-nos como uma escolha confi\u00e1vel<br \/>e eficiente no cen\u00e1rio log\u00edstico.<\/p>\t\t\t\t\t\t\t\t<\/div>\n\t\t\t\t<\/div>\n\t\t\t\t\t<\/div>\n\t\t\t\t<\/div>\n\t\t<div class=\"elementor-element elementor-element-e8fce16 e-flex e-con-boxed e-con e-parent\" data-id=\"e8fce16\" data-element_type=\"container\" data-e-type=\"container\">\n\t\t\t\t\t<div class=\"e-con-inner\">\n\t\t\t\t<div class=\"elementor-element elementor-element-cff144c elementor-widget elementor-widget-heading\" data-id=\"cff144c\" data-element_type=\"widget\" data-e-type=\"widget\" data-widget_type=\"heading.default\">\n\t\t\t\t<div class=\"elementor-widget-container\">\n\t\t\t\t\t<h5 class=\"elementor-heading-title elementor-size-default\">Miss\u00e3o<\/h5>\t\t\t\t<\/div>\n\t\t\t\t<\/div>\n\t\t\t\t<div class=\"elementor-element elementor-element-37b2a82 elementor-widget elementor-widget-text-editor\" data-id=\"37b2a82\" data-element_type=\"widget\" data-e-type=\"widget\" data-widget_type=\"text-editor.default\">\n\t\t\t\t<div class=\"elementor-widget-container\">\n\t\t\t\t\t\t\t\t\t<p>\u00c9 nossa miss\u00e3o poder oferecer um servi\u00e7o de transporte porta-a-porta, a\u00e9reo e mar\u00edtimo, com pre\u00e7os acess\u00edveis, tempos r\u00e1pidos e pontos mundiais estrat\u00e9gicos onde o cliente possa confiar num servi\u00e7o sem obst\u00e1culos ou sobretaxas. Procuramos ao mesmo tempo ser parceiros dos nossos clientes, integrando-os no nosso crescimento comercial e abrindo as portas a sugest\u00f5es e coment\u00e1rios que nos podem fazer melhorar cada vez mais. Simplifique o processo de transporte desde os pontos mais estrat\u00e9gicos do mundo, proporcionando ao cliente a seguran\u00e7a e confiabilidade de um servi\u00e7o de ponta com rapidez e custos acess\u00edveis.<\/p><p>\u00a0<\/p>\t\t\t\t\t\t\t\t<\/div>\n\t\t\t\t<\/div>\n\t\t\t\t\t<\/div>\n\t\t\t\t<\/div>\n\t\t<div class=\"elementor-element elementor-element-6c02a83 e-flex e-con-boxed e-con e-parent\" data-id=\"6c02a83\" data-element_type=\"container\" data-e-type=\"container\">\n\t\t\t\t\t<div class=\"e-con-inner\">\n\t\t\t\t<div class=\"elementor-element elementor-element-1fd9946 elementor-widget elementor-widget-heading\" data-id=\"1fd9946\" data-element_type=\"widget\" data-e-type=\"widget\" data-widget_type=\"heading.default\">\n\t\t\t\t<div class=\"elementor-widget-container\">\n\t\t\t\t\t<h5 class=\"elementor-heading-title elementor-size-default\">Vis\u00e3o<\/h5>\t\t\t\t<\/div>\n\t\t\t\t<\/div>\n\t\t\t\t<div class=\"elementor-element elementor-element-748f080 elementor-widget elementor-widget-text-editor\" data-id=\"748f080\" data-element_type=\"widget\" data-e-type=\"widget\" data-widget_type=\"text-editor.default\">\n\t\t\t\t<div class=\"elementor-widget-container\">\n\t\t\t\t\t\t\t\t\t<p>Nossa vis\u00e3o \u00e9 a de uma empresa multinacional interligada entre suas diferentes ag\u00eancias em pontos-chave do mundo oferecendo um servi\u00e7o simplificado de carga a\u00e9rea e mar\u00edtima, com custos reais e firmes, tempos r\u00e1pidos e m\u00e1xima confiabilidade, podendo abrir as portas do Paraguai ao mundo em todas as \u00e1reas comerciais e privadas de encomendas e servi\u00e7os de remessa expressa. Dentro do nosso crescimento, come\u00e7amos com embarques de Miami, EUA, para Assun\u00e7\u00e3o, Paraguai. Hoje estamos presentes em mais 5 pa\u00edses: EUA, China, Espanha e Brasil.<\/p>\t\t\t\t\t\t\t\t<\/div>\n\t\t\t\t<\/div>\n\t\t\t\t\t<\/div>\n\t\t\t\t<\/div>\n\t\t<div class=\"elementor-element elementor-element-0bcf6fa e-flex e-con-boxed e-con e-parent\" data-id=\"0bcf6fa\" data-element_type=\"container\" data-e-type=\"container\">\n\t\t\t\t\t<div class=\"e-con-inner\">\n\t\t\t\t<div class=\"elementor-element elementor-element-7402c7a elementor-widget elementor-widget-heading\" data-id=\"7402c7a\" data-element_type=\"widget\" data-e-type=\"widget\" data-widget_type=\"heading.default\">\n\t\t\t\t<div class=\"elementor-widget-container\">\n\t\t\t\t\t<h5 class=\"elementor-heading-title elementor-size-default\">Valores<\/h5>\t\t\t\t<\/div>\n\t\t\t\t<\/div>\n\t\t\t\t<div class=\"elementor-element elementor-element-b099419 elementor-widget elementor-widget-text-editor\" data-id=\"b099419\" data-element_type=\"widget\" data-e-type=\"widget\" data-widget_type=\"text-editor.default\">\n\t\t\t\t<div class=\"elementor-widget-container\">\n\t\t\t\t\t\t\t\t\t<p>Honestidade, seriedade, confiabilidade e tratamento preferencial e pessoal a cada um de nossos clientes, buscando neles encontrar um alicerce s\u00f3lido para uma empresa paraguaia com grande crescimento multinacional e nacional. Queremos cobrir os pontos de movimento mais importantes do Paraguai e do mundo, estamos avan\u00e7ando nesse objetivo gra\u00e7as ao que tem demonstrado e aos clientes que s\u00e3o nosso maior valor e melhor refer\u00eancia.<\/p>\t\t\t\t\t\t\t\t<\/div>\n\t\t\t\t<\/div>\n\t\t\t\t\t<\/div>\n\t\t\t\t<\/div>\n\t\t<div class=\"elementor-element elementor-element-6d2159c e-flex e-con-boxed e-con e-parent\" data-id=\"6d2159c\" data-element_type=\"container\" data-e-type=\"container\">\n\t\t\t\t\t<div class=\"e-con-inner\">\n\t\t\t\t\t<\/div>\n\t\t\t\t<\/div>\n\t\t\t\t<\/div>\n\t\t","protected":false},"excerpt":{"rendered":"<p>Easy Trade Log\u00edstica A Easy Trade Log\u00edstica, atuante no setor de importa\u00e7\u00e3o, orgulha-se de sua s\u00f3lida presen\u00e7a nomercado h\u00e1 quase uma d\u00e9cada. Ao longo desse per\u00edodo, temos dedicado esfor\u00e7os incessantes paraproporcionar servi\u00e7os de qualidade a mais de mil clientes, marcando-nos como uma escolha confi\u00e1vele eficiente no cen\u00e1rio log\u00edstico. Miss\u00e3o \u00c9 nossa miss\u00e3o poder oferecer um [&hellip;]<\/p>\n","protected":false},"author":1,"featured_media":0,"parent":0,"menu_order":0,"comment_status":"closed","ping_status":"closed","template":"","meta":{"footnotes":""},"class_list":["post-3587","page","type-page","status-publish","hentry"],"_links":{"self":[{"href":"https:\/\/easytl.com\/es\/wp-json\/wp\/v2\/pages\/3587","targetHints":{"allow":["GET"]}}],"collection":[{"href":"https:\/\/easytl.com\/es\/wp-json\/wp\/v2\/pages"}],"about":[{"href":"https:\/\/easytl.com\/es\/wp-json\/wp\/v2\/types\/page"}],"author":[{"embeddable":true,"href":"https:\/\/easytl.com\/es\/wp-json\/wp\/v2\/users\/1"}],"replies":[{"embeddable":true,"href":"https:\/\/easytl.com\/es\/wp-json\/wp\/v2\/comments?post=3587"}],"version-history":[{"count":0,"href":"https:\/\/easytl.com\/es\/wp-json\/wp\/v2\/pages\/3587\/revisions"}],"wp:attachment":[{"href":"https:\/\/easytl.com\/es\/wp-json\/wp\/v2\/media?parent=3587"}],"curies":[{"name":"wp","href":"https:\/\/api.w.org\/{rel}","templated":true}]}}