{"id":3708,"date":"2024-02-16T05:55:07","date_gmt":"2024-02-16T05:55:07","guid":{"rendered":"https:\/\/easytl.com\/es\/?page_id=3708"},"modified":"2024-09-09T12:25:10","modified_gmt":"2024-09-09T12:25:10","slug":"servicos","status":"publish","type":"page","link":"https:\/\/easytl.com\/es\/servicos\/","title":{"rendered":"Servi\u00e7os"},"content":{"rendered":"\t\t<div data-elementor-type=\"wp-page\" data-elementor-id=\"3708\" class=\"elementor elementor-3708\" data-elementor-post-type=\"page\">\n\t\t\t\t<div class=\"elementor-element elementor-element-62e5d98 e-flex e-con-boxed e-con e-parent\" data-id=\"62e5d98\" data-element_type=\"container\" data-e-type=\"container\">\n\t\t\t\t\t<div class=\"e-con-inner\">\n\t\t\t\t<div class=\"elementor-element elementor-element-90b7d8d elementor-widget elementor-widget-image\" data-id=\"90b7d8d\" data-element_type=\"widget\" data-e-type=\"widget\" data-widget_type=\"image.default\">\n\t\t\t\t<div class=\"elementor-widget-container\">\n\t\t\t\t\t\t\t\t\t\t\t\t\t\t\t<img fetchpriority=\"high\" decoding=\"async\" width=\"1920\" height=\"300\" src=\"https:\/\/easytl.com\/es\/wp-content\/uploads\/2024\/02\/servicos.png\" class=\"attachment-full size-full wp-image-3710\" alt=\"\" srcset=\"https:\/\/easytl.com\/es\/wp-content\/uploads\/2024\/02\/servicos.png 1920w, https:\/\/easytl.com\/es\/wp-content\/uploads\/2024\/02\/servicos-300x47.png 300w, https:\/\/easytl.com\/es\/wp-content\/uploads\/2024\/02\/servicos-1024x160.png 1024w, https:\/\/easytl.com\/es\/wp-content\/uploads\/2024\/02\/servicos-768x120.png 768w, https:\/\/easytl.com\/es\/wp-content\/uploads\/2024\/02\/servicos-1536x240.png 1536w\" sizes=\"(max-width: 1920px) 100vw, 1920px\" \/>\t\t\t\t\t\t\t\t\t\t\t\t\t\t\t<\/div>\n\t\t\t\t<\/div>\n\t\t\t\t\t<\/div>\n\t\t\t\t<\/div>\n\t\t<div class=\"elementor-element elementor-element-4d8f7fb e-flex e-con-boxed e-con e-parent\" data-id=\"4d8f7fb\" data-element_type=\"container\" data-e-type=\"container\">\n\t\t\t\t\t<div class=\"e-con-inner\">\n\t\t<div class=\"elementor-element elementor-element-83648f3 e-con-full e-flex e-con e-parent\" data-id=\"83648f3\" data-element_type=\"container\" data-e-type=\"container\">\n\t\t\t\t<div class=\"elementor-element elementor-element-228b7d9 elementor-widget elementor-widget-image\" data-id=\"228b7d9\" data-element_type=\"widget\" data-e-type=\"widget\" data-widget_type=\"image.default\">\n\t\t\t\t<div class=\"elementor-widget-container\">\n\t\t\t\t\t\t\t\t\t\t\t\t\t\t\t\t<a href=\"https:\/\/easytl.com\/es\/compra-assistida-2\/\">\n\t\t\t\t\t\t\t<img decoding=\"async\" width=\"800\" height=\"250\" src=\"https:\/\/easytl.com\/es\/wp-content\/uploads\/2024\/02\/compraassistidamenor.png\" class=\"attachment-large size-large wp-image-3722\" alt=\"\" srcset=\"https:\/\/easytl.com\/es\/wp-content\/uploads\/2024\/02\/compraassistidamenor.png 960w, https:\/\/easytl.com\/es\/wp-content\/uploads\/2024\/02\/compraassistidamenor-300x94.png 300w, https:\/\/easytl.com\/es\/wp-content\/uploads\/2024\/02\/compraassistidamenor-768x240.png 768w\" sizes=\"(max-width: 800px) 100vw, 800px\" \/>\t\t\t\t\t\t\t\t<\/a>\n\t\t\t\t\t\t\t\t\t\t\t\t\t\t\t<\/div>\n\t\t\t\t<\/div>\n\t\t\t\t<\/div>\n\t\t<div class=\"elementor-element elementor-element-a20c36d e-con-full e-flex e-con e-parent\" data-id=\"a20c36d\" data-element_type=\"container\" data-e-type=\"container\">\n\t\t\t\t<div class=\"elementor-element elementor-element-dc80cbb elementor-widget elementor-widget-image\" data-id=\"dc80cbb\" data-element_type=\"widget\" data-e-type=\"widget\" data-widget_type=\"image.default\">\n\t\t\t\t<div class=\"elementor-widget-container\">\n\t\t\t\t\t\t\t\t\t\t\t\t\t\t\t\t<a href=\"https:\/\/easytl.com\/es\/_frete-aereo\/\">\n\t\t\t\t\t\t\t<img decoding=\"async\" width=\"800\" height=\"250\" src=\"https:\/\/easytl.com\/es\/wp-content\/uploads\/2024\/02\/freteaereomenor.png\" class=\"attachment-large size-large wp-image-3723\" alt=\"\" srcset=\"https:\/\/easytl.com\/es\/wp-content\/uploads\/2024\/02\/freteaereomenor.png 960w, https:\/\/easytl.com\/es\/wp-content\/uploads\/2024\/02\/freteaereomenor-300x94.png 300w, https:\/\/easytl.com\/es\/wp-content\/uploads\/2024\/02\/freteaereomenor-768x240.png 768w\" sizes=\"(max-width: 800px) 100vw, 800px\" \/>\t\t\t\t\t\t\t\t<\/a>\n\t\t\t\t\t\t\t\t\t\t\t\t\t\t\t<\/div>\n\t\t\t\t<\/div>\n\t\t\t\t<\/div>\n\t\t\t\t\t<\/div>\n\t\t\t\t<\/div>\n\t\t<div class=\"elementor-element elementor-element-7b0bba9 e-flex e-con-boxed e-con e-parent\" data-id=\"7b0bba9\" data-element_type=\"container\" data-e-type=\"container\">\n\t\t\t\t\t<div class=\"e-con-inner\">\n\t\t\t\t<div class=\"elementor-element elementor-element-0f2b614 elementor-widget elementor-widget-image\" data-id=\"0f2b614\" data-element_type=\"widget\" data-e-type=\"widget\" data-widget_type=\"image.default\">\n\t\t\t\t<div class=\"elementor-widget-container\">\n\t\t\t\t\t\t\t\t\t\t\t\t\t\t\t\t<a href=\"https:\/\/easytl.com\/es\/_pickupmiami\/\">\n\t\t\t\t\t\t\t<img loading=\"lazy\" decoding=\"async\" width=\"1920\" height=\"300\" src=\"https:\/\/easytl.com\/es\/wp-content\/uploads\/2024\/03\/freteaereo.png\" class=\"attachment-full size-full wp-image-3835\" alt=\"\" srcset=\"https:\/\/easytl.com\/es\/wp-content\/uploads\/2024\/03\/freteaereo.png 1920w, https:\/\/easytl.com\/es\/wp-content\/uploads\/2024\/03\/freteaereo-300x47.png 300w, https:\/\/easytl.com\/es\/wp-content\/uploads\/2024\/03\/freteaereo-1024x160.png 1024w, https:\/\/easytl.com\/es\/wp-content\/uploads\/2024\/03\/freteaereo-768x120.png 768w, https:\/\/easytl.com\/es\/wp-content\/uploads\/2024\/03\/freteaereo-1536x240.png 1536w\" sizes=\"(max-width: 1920px) 100vw, 1920px\" \/>\t\t\t\t\t\t\t\t<\/a>\n\t\t\t\t\t\t\t\t\t\t\t\t\t\t\t<\/div>\n\t\t\t\t<\/div>\n\t\t\t\t\t<\/div>\n\t\t\t\t<\/div>\n\t\t<div class=\"elementor-element elementor-element-076bfbe e-flex e-con-boxed e-con e-parent\" data-id=\"076bfbe\" data-element_type=\"container\" data-e-type=\"container\">\n\t\t\t\t\t<div class=\"e-con-inner\">\n\t\t\t\t<div class=\"elementor-element elementor-element-e57056a elementor-widget elementor-widget-spacer\" data-id=\"e57056a\" data-element_type=\"widget\" data-e-type=\"widget\" data-widget_type=\"spacer.default\">\n\t\t\t\t<div class=\"elementor-widget-container\">\n\t\t\t\t\t\t\t<div class=\"elementor-spacer\">\n\t\t\t<div class=\"elementor-spacer-inner\"><\/div>\n\t\t<\/div>\n\t\t\t\t\t\t<\/div>\n\t\t\t\t<\/div>\n\t\t\t\t\t<\/div>\n\t\t\t\t<\/div>\n\t\t<div class=\"elementor-element elementor-element-38604c5 e-flex e-con-boxed e-con e-parent\" data-id=\"38604c5\" data-element_type=\"container\" data-e-type=\"container\">\n\t\t\t\t\t<div class=\"e-con-inner\">\n\t\t\t\t<div class=\"elementor-element elementor-element-371821e elementor-widget elementor-widget-heading\" data-id=\"371821e\" data-element_type=\"widget\" data-e-type=\"widget\" data-widget_type=\"heading.default\">\n\t\t\t\t<div class=\"elementor-widget-container\">\n\t\t\t\t\t<h5 class=\"elementor-heading-title elementor-size-default\">Transporte A\u00e9reo<\/h5>\t\t\t\t<\/div>\n\t\t\t\t<\/div>\n\t\t\t\t<div class=\"elementor-element elementor-element-432d883 elementor-widget elementor-widget-text-editor\" data-id=\"432d883\" data-element_type=\"widget\" data-e-type=\"widget\" data-widget_type=\"text-editor.default\">\n\t\t\t\t<div class=\"elementor-widget-container\">\n\t\t\t\t\t\t\t\t\t<p>Nosso servi\u00e7o a\u00e9reo inclui partidas de: Estados Unidos, China at\u00e9 Paraguai\u200b<\/p><p>Sa\u00eddas 1 vez por semana dos EUA para Paraguai.<br \/>Processamento de pacotes, caso n\u00e3o configure ou n\u00e3o conste seu tracking number enviar um email, reclamando sobre isso.<br \/>Partidas toda semana, mercadoria chega na ter\u00e7a em nosso endere\u00e7o embarca na quarta para o Paraguai, sendo entregue na semana seguinte.<br \/>Encargos pessoais e comerciais.<br \/>Carga conteinerizada e carga solta (consolidada).<br \/>Cargas sem limite de tamanho ou peso.<br \/>Servi\u00e7o de carga a\u00e9rea de emerg\u00eancia.<br \/>Servi\u00e7o interno de embarques e retiradas nos EUA.<\/p>\t\t\t\t\t\t\t\t<\/div>\n\t\t\t\t<\/div>\n\t\t\t\t\t<\/div>\n\t\t\t\t<\/div>\n\t\t<div class=\"elementor-element elementor-element-36d89d0 e-flex e-con-boxed e-con e-parent\" data-id=\"36d89d0\" data-element_type=\"container\" data-e-type=\"container\">\n\t\t\t\t\t<div class=\"e-con-inner\">\n\t\t\t\t<div class=\"elementor-element elementor-element-3816299 elementor-widget elementor-widget-spacer\" data-id=\"3816299\" data-element_type=\"widget\" data-e-type=\"widget\" data-widget_type=\"spacer.default\">\n\t\t\t\t<div class=\"elementor-widget-container\">\n\t\t\t\t\t\t\t<div class=\"elementor-spacer\">\n\t\t\t<div class=\"elementor-spacer-inner\"><\/div>\n\t\t<\/div>\n\t\t\t\t\t\t<\/div>\n\t\t\t\t<\/div>\n\t\t\t\t\t<\/div>\n\t\t\t\t<\/div>\n\t\t<div class=\"elementor-element elementor-element-e0278df e-flex e-con-boxed e-con e-parent\" data-id=\"e0278df\" data-element_type=\"container\" data-e-type=\"container\">\n\t\t\t\t\t<div class=\"e-con-inner\">\n\t\t\t\t<div class=\"elementor-element elementor-element-f1541bd elementor-widget elementor-widget-heading\" data-id=\"f1541bd\" data-element_type=\"widget\" data-e-type=\"widget\" data-widget_type=\"heading.default\">\n\t\t\t\t<div class=\"elementor-widget-container\">\n\t\t\t\t\t<h5 class=\"elementor-heading-title elementor-size-default\">Transporte Mar\u00edtimo<\/h5>\t\t\t\t<\/div>\n\t\t\t\t<\/div>\n\t\t\t\t<div class=\"elementor-element elementor-element-a948b97 elementor-widget elementor-widget-text-editor\" data-id=\"a948b97\" data-element_type=\"widget\" data-e-type=\"widget\" data-widget_type=\"text-editor.default\">\n\t\t\t\t<div class=\"elementor-widget-container\">\n\t\t\t\t\t\t\t\t\t<p>Nosso servi\u00e7o mar\u00edtimo inclui sa\u00eddas a cada 20 dias dos Estados Unidos e aproximadamente 60 dias da China.toda semana.<\/p><p>Sa\u00edda de carga container da china a cada semana e tem um prazo de entrega de 60 dias \u00fateis para carga consolidada, e para container fechado s\u00e3o de at\u00e9 45 dias \u00fateis.<br \/>Carga conteinerizada e carga solta.<br \/>Cargas sem limite de tamanho ou peso.<br \/>Documenta\u00e7\u00e3o e despacho.<br \/>Transporte interno.<\/p>\t\t\t\t\t\t\t\t<\/div>\n\t\t\t\t<\/div>\n\t\t\t\t\t<\/div>\n\t\t\t\t<\/div>\n\t\t<div class=\"elementor-element elementor-element-becc5bf e-flex e-con-boxed e-con e-parent\" data-id=\"becc5bf\" data-element_type=\"container\" data-e-type=\"container\">\n\t\t\t\t\t<div class=\"e-con-inner\">\n\t\t\t\t<div class=\"elementor-element elementor-element-b0f0266 elementor-widget elementor-widget-spacer\" data-id=\"b0f0266\" data-element_type=\"widget\" data-e-type=\"widget\" data-widget_type=\"spacer.default\">\n\t\t\t\t<div class=\"elementor-widget-container\">\n\t\t\t\t\t\t\t<div class=\"elementor-spacer\">\n\t\t\t<div class=\"elementor-spacer-inner\"><\/div>\n\t\t<\/div>\n\t\t\t\t\t\t<\/div>\n\t\t\t\t<\/div>\n\t\t\t\t\t<\/div>\n\t\t\t\t<\/div>\n\t\t<div class=\"elementor-element elementor-element-7c63a85 e-flex e-con-boxed e-con e-parent\" data-id=\"7c63a85\" data-element_type=\"container\" data-e-type=\"container\">\n\t\t\t\t\t<div class=\"e-con-inner\">\n\t\t\t\t<div class=\"elementor-element elementor-element-c31ff27 elementor-widget elementor-widget-heading\" data-id=\"c31ff27\" data-element_type=\"widget\" data-e-type=\"widget\" data-widget_type=\"heading.default\">\n\t\t\t\t<div class=\"elementor-widget-container\">\n\t\t\t\t\t<h5 class=\"elementor-heading-title elementor-size-default\">Reembalagem<\/h5>\t\t\t\t<\/div>\n\t\t\t\t<\/div>\n\t\t\t\t<div class=\"elementor-element elementor-element-b39ac01 elementor-widget elementor-widget-text-editor\" data-id=\"b39ac01\" data-element_type=\"widget\" data-e-type=\"widget\" data-widget_type=\"text-editor.default\">\n\t\t\t\t<div class=\"elementor-widget-container\">\n\t\t\t\t\t\t\t\t\t<p>A reembalagem consiste em retirar, caso o cliente o indique, a embalagem original da encomenda para ocupar menos espa\u00e7o.<\/p><p>Se o cliente quiser que seu pedido chegue com a caixa original, ele deve entrar na web para concluir a solicita\u00e7\u00e3o de cancelamento de reembalagem. Nesse caso, voc\u00ea deve fornecer o n\u00famero de rastreamento do seu pedido.<\/p><p>Este servi\u00e7o est\u00e1 dispon\u00edvel apenas para os EUA.<\/p><p>Tem um custo adicional de U$10,00 por tracking.<\/p>\t\t\t\t\t\t\t\t<\/div>\n\t\t\t\t<\/div>\n\t\t\t\t\t<\/div>\n\t\t\t\t<\/div>\n\t\t<div class=\"elementor-element elementor-element-7e73a9d e-flex e-con-boxed e-con e-parent\" data-id=\"7e73a9d\" data-element_type=\"container\" data-e-type=\"container\">\n\t\t\t\t\t<div class=\"e-con-inner\">\n\t\t\t\t<div class=\"elementor-element elementor-element-8bd337a elementor-widget elementor-widget-spacer\" data-id=\"8bd337a\" data-element_type=\"widget\" data-e-type=\"widget\" data-widget_type=\"spacer.default\">\n\t\t\t\t<div class=\"elementor-widget-container\">\n\t\t\t\t\t\t\t<div class=\"elementor-spacer\">\n\t\t\t<div class=\"elementor-spacer-inner\"><\/div>\n\t\t<\/div>\n\t\t\t\t\t\t<\/div>\n\t\t\t\t<\/div>\n\t\t\t\t\t<\/div>\n\t\t\t\t<\/div>\n\t\t<div class=\"elementor-element elementor-element-8a965c3 e-flex e-con-boxed e-con e-parent\" data-id=\"8a965c3\" data-element_type=\"container\" data-e-type=\"container\">\n\t\t\t\t\t<div class=\"e-con-inner\">\n\t\t\t\t<div class=\"elementor-element elementor-element-ad765a9 elementor-widget elementor-widget-heading\" data-id=\"ad765a9\" data-element_type=\"widget\" data-e-type=\"widget\" data-widget_type=\"heading.default\">\n\t\t\t\t<div class=\"elementor-widget-container\">\n\t\t\t\t\t<h5 class=\"elementor-heading-title elementor-size-default\">Consolida\u00e7\u00e3o<\/h5>\t\t\t\t<\/div>\n\t\t\t\t<\/div>\n\t\t\t\t<div class=\"elementor-element elementor-element-2875101 elementor-widget elementor-widget-text-editor\" data-id=\"2875101\" data-element_type=\"widget\" data-e-type=\"widget\" data-widget_type=\"text-editor.default\">\n\t\t\t\t<div class=\"elementor-widget-container\">\n\t\t\t\t\t\t\t\t\t<p>O servi\u00e7o de consolida\u00e7\u00e3o de cargas consiste em integrar ou agrupar dois ou mais pacotes com o objetivo de reduzir os custos de transporte. \u00c9 utilizado no caso de o cliente ter feito v\u00e1rias compras e preferir que tudo seja enviado de uma s\u00f3 vez na mesma embalagem.<\/p><p>Exemplo: Quando v\u00e1rias compras s\u00e3o feitas, todas chegam em pacotes diferentes, ao solicitar o servi\u00e7o de consolida\u00e7\u00e3o cuidamos de esperar que cheguem todas as compras e agrupamos em uma s\u00f3 embalagem de forma que cheguem juntas de uma s\u00f3 vez.<\/p><p>Tem um custo adicional de U$10,00 por tracking.<\/p>\t\t\t\t\t\t\t\t<\/div>\n\t\t\t\t<\/div>\n\t\t\t\t\t<\/div>\n\t\t\t\t<\/div>\n\t\t<div class=\"elementor-element elementor-element-9ecce7b e-flex e-con-boxed e-con e-parent\" data-id=\"9ecce7b\" data-element_type=\"container\" data-e-type=\"container\">\n\t\t\t\t\t<div class=\"e-con-inner\">\n\t\t\t\t<div class=\"elementor-element elementor-element-a6e24b4 elementor-widget elementor-widget-spacer\" data-id=\"a6e24b4\" data-element_type=\"widget\" data-e-type=\"widget\" data-widget_type=\"spacer.default\">\n\t\t\t\t<div class=\"elementor-widget-container\">\n\t\t\t\t\t\t\t<div class=\"elementor-spacer\">\n\t\t\t<div class=\"elementor-spacer-inner\"><\/div>\n\t\t<\/div>\n\t\t\t\t\t\t<\/div>\n\t\t\t\t<\/div>\n\t\t\t\t\t<\/div>\n\t\t\t\t<\/div>\n\t\t<div class=\"elementor-element elementor-element-ff98f65 e-flex e-con-boxed e-con e-parent\" data-id=\"ff98f65\" data-element_type=\"container\" data-e-type=\"container\">\n\t\t\t\t\t<div class=\"e-con-inner\">\n\t\t\t\t<div class=\"elementor-element elementor-element-0c9099f elementor-widget elementor-widget-heading\" data-id=\"0c9099f\" data-element_type=\"widget\" data-e-type=\"widget\" data-widget_type=\"heading.default\">\n\t\t\t\t<div class=\"elementor-widget-container\">\n\t\t\t\t\t<h5 class=\"elementor-heading-title elementor-size-default\">Inbond<\/h5>\t\t\t\t<\/div>\n\t\t\t\t<\/div>\n\t\t\t\t<div class=\"elementor-element elementor-element-b4dcee8 elementor-widget elementor-widget-text-editor\" data-id=\"b4dcee8\" data-element_type=\"widget\" data-e-type=\"widget\" data-widget_type=\"text-editor.default\">\n\t\t\t\t<div class=\"elementor-widget-container\">\n\t\t\t\t\t\t\t\t\t<p>O atendimento Inbound tem como objetivo atrair, engajar e encantar os clientes atrav\u00e9s de uma abordagem proativa e personalizada. Ao contr\u00e1rio do atendimento tradicional, que tende a ser reativo e voltado para a resolu\u00e7\u00e3o de problemas, o servi\u00e7o Inbound se antecipa \u00e0s necessidades dos clientes e foca na constru\u00e7\u00e3o de relacionamentos duradouros. Imagine ter um especialista sempre \u00e0 disposi\u00e7\u00e3o, como um amigo que est\u00e1 sempre pronto para oferecer a ajuda que voc\u00ea precisa.<br \/><br \/><\/p><p class=\"selectable-text copyable-text x15bjb6t x1n2onr6\" dir=\"ltr\"><span class=\"selectable-text copyable-text\">O que voc\u00ea deve<\/span><span class=\"selectable-text copyable-text\">:<\/span><\/p><p class=\"selectable-text copyable-text x15bjb6t x1n2onr6\" dir=\"ltr\"><span class=\"selectable-text copyable-text\">Seu nome<br \/><\/span>Nome da empresa<br \/>Endere\u00e7o<br \/>E-mail<br \/>N\u00famero de telefone<br \/>N\u00famero EIN fiscal do empregador<\/p><p><br \/><br \/><br \/><\/p>\t\t\t\t\t\t\t\t<\/div>\n\t\t\t\t<\/div>\n\t\t\t\t\t<\/div>\n\t\t\t\t<\/div>\n\t\t<div class=\"elementor-element elementor-element-3047818 e-flex e-con-boxed e-con e-parent\" data-id=\"3047818\" data-element_type=\"container\" data-e-type=\"container\">\n\t\t\t\t\t<div class=\"e-con-inner\">\n\t\t\t\t<div class=\"elementor-element elementor-element-fa0c013 elementor-widget elementor-widget-image\" data-id=\"fa0c013\" data-element_type=\"widget\" data-e-type=\"widget\" data-widget_type=\"image.default\">\n\t\t\t\t<div class=\"elementor-widget-container\">\n\t\t\t\t\t\t\t\t\t\t\t\t\t\t\t<img loading=\"lazy\" decoding=\"async\" width=\"1920\" height=\"300\" src=\"https:\/\/easytl.com\/es\/wp-content\/uploads\/2024\/02\/whatsapp.png\" class=\"attachment-full size-full wp-image-3649\" alt=\"\" srcset=\"https:\/\/easytl.com\/es\/wp-content\/uploads\/2024\/02\/whatsapp.png 1920w, https:\/\/easytl.com\/es\/wp-content\/uploads\/2024\/02\/whatsapp-300x47.png 300w, https:\/\/easytl.com\/es\/wp-content\/uploads\/2024\/02\/whatsapp-1024x160.png 1024w, https:\/\/easytl.com\/es\/wp-content\/uploads\/2024\/02\/whatsapp-768x120.png 768w, https:\/\/easytl.com\/es\/wp-content\/uploads\/2024\/02\/whatsapp-1536x240.png 1536w\" sizes=\"(max-width: 1920px) 100vw, 1920px\" \/>\t\t\t\t\t\t\t\t\t\t\t\t\t\t\t<\/div>\n\t\t\t\t<\/div>\n\t\t\t\t\t<\/div>\n\t\t\t\t<\/div>\n\t\t\t\t<\/div>\n\t\t","protected":false},"excerpt":{"rendered":"<p>Transporte A\u00e9reo Nosso servi\u00e7o a\u00e9reo inclui partidas de: Estados Unidos, China at\u00e9 Paraguai\u200b Sa\u00eddas 1 vez por semana dos EUA para Paraguai.Processamento de pacotes, caso n\u00e3o configure ou n\u00e3o conste seu tracking number enviar um email, reclamando sobre isso.Partidas toda semana, mercadoria chega na ter\u00e7a em nosso endere\u00e7o embarca na quarta para o Paraguai, sendo [&hellip;]<\/p>\n","protected":false},"author":1,"featured_media":0,"parent":0,"menu_order":0,"comment_status":"closed","ping_status":"closed","template":"elementor_header_footer","meta":{"footnotes":""},"class_list":["post-3708","page","type-page","status-publish","hentry"],"_links":{"self":[{"href":"https:\/\/easytl.com\/es\/wp-json\/wp\/v2\/pages\/3708","targetHints":{"allow":["GET"]}}],"collection":[{"href":"https:\/\/easytl.com\/es\/wp-json\/wp\/v2\/pages"}],"about":[{"href":"https:\/\/easytl.com\/es\/wp-json\/wp\/v2\/types\/page"}],"author":[{"embeddable":true,"href":"https:\/\/easytl.com\/es\/wp-json\/wp\/v2\/users\/1"}],"replies":[{"embeddable":true,"href":"https:\/\/easytl.com\/es\/wp-json\/wp\/v2\/comments?post=3708"}],"version-history":[{"count":0,"href":"https:\/\/easytl.com\/es\/wp-json\/wp\/v2\/pages\/3708\/revisions"}],"wp:attachment":[{"href":"https:\/\/easytl.com\/es\/wp-json\/wp\/v2\/media?parent=3708"}],"curies":[{"name":"wp","href":"https:\/\/api.w.org\/{rel}","templated":true}]}}