{"id":3771,"date":"2024-02-22T12:00:38","date_gmt":"2024-02-22T12:00:38","guid":{"rendered":"https:\/\/easytl.com\/es\/?page_id=3771"},"modified":"2024-04-03T11:21:15","modified_gmt":"2024-04-03T11:21:15","slug":"_pickupmiami","status":"publish","type":"page","link":"https:\/\/easytl.com\/es\/_pickupmiami\/","title":{"rendered":"PickupMiami"},"content":{"rendered":"\t\t<div data-elementor-type=\"wp-page\" data-elementor-id=\"3771\" class=\"elementor elementor-3771\" data-elementor-post-type=\"page\">\n\t\t\t\t<div class=\"elementor-element elementor-element-041a21a e-flex e-con-boxed e-con e-parent\" data-id=\"041a21a\" data-element_type=\"container\" data-e-type=\"container\">\n\t\t\t\t\t<div class=\"e-con-inner\">\n\t\t\t\t<div class=\"elementor-element elementor-element-a668f6f elementor-widget elementor-widget-image\" data-id=\"a668f6f\" data-element_type=\"widget\" data-e-type=\"widget\" data-widget_type=\"image.default\">\n\t\t\t\t<div class=\"elementor-widget-container\">\n\t\t\t\t\t\t\t\t\t\t\t\t\t\t\t<img fetchpriority=\"high\" decoding=\"async\" width=\"1920\" height=\"300\" src=\"https:\/\/easytl.com\/es\/wp-content\/uploads\/2024\/03\/freteaereo.png\" class=\"attachment-full size-full wp-image-3835\" alt=\"\" srcset=\"https:\/\/easytl.com\/es\/wp-content\/uploads\/2024\/03\/freteaereo.png 1920w, https:\/\/easytl.com\/es\/wp-content\/uploads\/2024\/03\/freteaereo-300x47.png 300w, https:\/\/easytl.com\/es\/wp-content\/uploads\/2024\/03\/freteaereo-1024x160.png 1024w, https:\/\/easytl.com\/es\/wp-content\/uploads\/2024\/03\/freteaereo-768x120.png 768w, https:\/\/easytl.com\/es\/wp-content\/uploads\/2024\/03\/freteaereo-1536x240.png 1536w\" sizes=\"(max-width: 1920px) 100vw, 1920px\" \/>\t\t\t\t\t\t\t\t\t\t\t\t\t\t\t<\/div>\n\t\t\t\t<\/div>\n\t\t\t\t\t<\/div>\n\t\t\t\t<\/div>\n\t\t<div class=\"elementor-element elementor-element-d962917 e-flex e-con-boxed e-con e-parent\" data-id=\"d962917\" data-element_type=\"container\" data-e-type=\"container\">\n\t\t\t\t\t<div class=\"e-con-inner\">\n\t\t\t\t<div class=\"elementor-element elementor-element-c3b671a elementor-widget elementor-widget-spacer\" data-id=\"c3b671a\" data-element_type=\"widget\" data-e-type=\"widget\" data-widget_type=\"spacer.default\">\n\t\t\t\t<div class=\"elementor-widget-container\">\n\t\t\t\t\t\t\t<div class=\"elementor-spacer\">\n\t\t\t<div class=\"elementor-spacer-inner\"><\/div>\n\t\t<\/div>\n\t\t\t\t\t\t<\/div>\n\t\t\t\t<\/div>\n\t\t\t\t\t<\/div>\n\t\t\t\t<\/div>\n\t\t<div class=\"elementor-element elementor-element-0294318 e-flex e-con-boxed e-con e-parent\" data-id=\"0294318\" data-element_type=\"container\" data-e-type=\"container\">\n\t\t\t\t\t<div class=\"e-con-inner\">\n\t\t\t\t<div class=\"elementor-element elementor-element-1d4cb74 elementor-widget elementor-widget-heading\" data-id=\"1d4cb74\" data-element_type=\"widget\" data-e-type=\"widget\" data-widget_type=\"heading.default\">\n\t\t\t\t<div class=\"elementor-widget-container\">\n\t\t\t\t\t<h5 class=\"elementor-heading-title elementor-size-default\">Conhe\u00e7a nosso servi\u00e7o de Pick Up!<\/h5>\t\t\t\t<\/div>\n\t\t\t\t<\/div>\n\t\t\t\t<div class=\"elementor-element elementor-element-50ceb75 elementor-widget elementor-widget-text-editor\" data-id=\"50ceb75\" data-element_type=\"widget\" data-e-type=\"widget\" data-widget_type=\"text-editor.default\">\n\t\t\t\t<div class=\"elementor-widget-container\">\n\t\t\t\t\t\t\t\t\t<p>Imagine a cena: voc\u00ea, como cliente, desfrutando de uma sess\u00e3o de compras em uma loja em Miami, com uma variedade deslumbrante de produtos \u00e0 sua disposi\u00e7\u00e3o. Agora, considere a praticidade de ter uma solu\u00e7\u00e3o eficiente para cuidar da log\u00edstica p\u00f3s-compra. \u00c9 a\u00ed que entramos em a\u00e7\u00e3o.<\/p><p>Ap\u00f3s voc\u00ea finalizar suas compras na loja de sua escolha, n\u00f3s assumimos o controle. Nossa equipe dedicada ir\u00e1 at\u00e9 a loja, coletar todos os itens que voc\u00ea adquiriu e cuidadosamente os transportar para nossos armaz\u00e9ns. L\u00e1, seus produtos s\u00e3o seguramente armazenados, prontos para o pr\u00f3ximo passo do processo.<\/p><p>E ent\u00e3o, quando tudo estiver pronto para o envio, n\u00f3s organizamos o transporte dos seus itens diretamente para voc\u00ea. \u00c9 simples, \u00e9 eficiente, e \u00e9 feito sob medida para atender \u00e0s suas necessidades. Deixe-nos cuidar de toda essa jornada para voc\u00ea, enquanto voc\u00ea desfruta tranquilamente de suas compras em Miami.<\/p>\t\t\t\t\t\t\t\t<\/div>\n\t\t\t\t<\/div>\n\t\t\t\t\t<\/div>\n\t\t\t\t<\/div>\n\t\t<div class=\"elementor-element elementor-element-6fef171 e-flex e-con-boxed e-con e-parent\" data-id=\"6fef171\" data-element_type=\"container\" data-e-type=\"container\">\n\t\t\t\t\t<div class=\"e-con-inner\">\n\t\t\t\t<div class=\"elementor-element elementor-element-e32653b elementor-widget elementor-widget-spacer\" data-id=\"e32653b\" data-element_type=\"widget\" data-e-type=\"widget\" data-widget_type=\"spacer.default\">\n\t\t\t\t<div class=\"elementor-widget-container\">\n\t\t\t\t\t\t\t<div class=\"elementor-spacer\">\n\t\t\t<div class=\"elementor-spacer-inner\"><\/div>\n\t\t<\/div>\n\t\t\t\t\t\t<\/div>\n\t\t\t\t<\/div>\n\t\t\t\t\t<\/div>\n\t\t\t\t<\/div>\n\t\t<div class=\"elementor-element elementor-element-4e63df4 e-flex e-con-boxed e-con e-parent\" data-id=\"4e63df4\" data-element_type=\"container\" data-e-type=\"container\">\n\t\t\t\t\t<div class=\"e-con-inner\">\n\t\t\t\t<div class=\"elementor-element elementor-element-7beec8b elementor-widget elementor-widget-heading\" data-id=\"7beec8b\" data-element_type=\"widget\" data-e-type=\"widget\" data-widget_type=\"heading.default\">\n\t\t\t\t<div class=\"elementor-widget-container\">\n\t\t\t\t\t<h5 class=\"elementor-heading-title elementor-size-default\"><h5 class=\"elementor-heading-title elementor-size-default elementor-inline-editing pen\" data-elementor-setting-key=\"title\" data-pen-placeholder=\"Digite aqui...\" style=\"font-family: var( --e-global-typography-primary-font-family ), Sans-serif;font-style: normal;font-weight: var( --e-global-typography-primary-font-weight )\">Como contrato esse servi\u00e7o?<\/h5><\/h5>\t\t\t\t<\/div>\n\t\t\t\t<\/div>\n\t\t\t\t<div class=\"elementor-element elementor-element-9eacb75 elementor-widget elementor-widget-text-editor\" data-id=\"9eacb75\" data-element_type=\"widget\" data-e-type=\"widget\" data-widget_type=\"text-editor.default\">\n\t\t\t\t<div class=\"elementor-widget-container\">\n\t\t\t\t\t\t\t\t\t<p>Para contratar nosso servi\u00e7o de Frete A\u00e9reo, basta seguir estes simples passos:<\/p><p>1 &#8211; Entre em contato conosco atrav\u00e9s dos nossos canais de comunica\u00e7\u00e3o, como telefone, e-mail ou WhatsApp.<br \/>2 &#8211; Forne\u00e7a informa\u00e7\u00f5es detalhadas sobre sua carga, incluindo origem, destino, peso e dimens\u00f5es.<br \/>3 &#8211; Nossa equipe especializada ir\u00e1 elaborar um or\u00e7amento personalizado para o seu envio, incluindo todas as taxas e custos associados.<br \/>4 &#8211; Ap\u00f3s revisar e aprovar o or\u00e7amento, proceda com o pagamento conforme as instru\u00e7\u00f5es fornecidas.<br \/>5 &#8211; Uma vez confirmado o pagamento, nossa equipe iniciar\u00e1 o processo de coleta e envio da sua carga.<br \/>6 &#8211; Voc\u00ea ser\u00e1 informado sobre o status do envio e receber\u00e1 atualiza\u00e7\u00f5es conforme necess\u00e1rio.<br \/>7 &#8211; Quando a carga chegar ao destino, faremos a entrega conforme combinado.<\/p>\t\t\t\t\t\t\t\t<\/div>\n\t\t\t\t<\/div>\n\t\t\t\t\t<\/div>\n\t\t\t\t<\/div>\n\t\t<div class=\"elementor-element elementor-element-e92693c e-flex e-con-boxed e-con e-parent\" data-id=\"e92693c\" data-element_type=\"container\" data-e-type=\"container\">\n\t\t\t\t\t<div class=\"e-con-inner\">\n\t\t\t\t<div class=\"elementor-element elementor-element-a468f7d elementor-widget elementor-widget-heading\" data-id=\"a468f7d\" data-element_type=\"widget\" data-e-type=\"widget\" data-widget_type=\"heading.default\">\n\t\t\t\t<div class=\"elementor-widget-container\">\n\t\t\t\t\t<h5 class=\"elementor-heading-title elementor-size-default\">Importante!<\/h5>\t\t\t\t<\/div>\n\t\t\t\t<\/div>\n\t\t\t\t<div class=\"elementor-element elementor-element-1676c0b elementor-widget elementor-widget-text-editor\" data-id=\"1676c0b\" data-element_type=\"widget\" data-e-type=\"widget\" data-widget_type=\"text-editor.default\">\n\t\t\t\t<div class=\"elementor-widget-container\">\n\t\t\t\t\t\t\t\t\t<p>\u00c9 necess\u00e1rio enviar:<\/p><ul><li>Zip Code<\/li><li>Fatura &#8220;invoice&#8221;<\/li><li>Contato do vendedor<\/li><\/ul><p>Essas informa\u00e7\u00f5es s\u00e3o necess\u00e1rias para poder receber o produto em nosso armaz\u00e9m.<\/p><p>\u00a0<\/p><p>Ap\u00f3s essas informa\u00e7\u00f5es conseguimos informar o custo do servi\u00e7o.<\/p>\t\t\t\t\t\t\t\t<\/div>\n\t\t\t\t<\/div>\n\t\t\t\t\t<\/div>\n\t\t\t\t<\/div>\n\t\t<div class=\"elementor-element elementor-element-0bc4a72 e-flex e-con-boxed e-con e-parent\" data-id=\"0bc4a72\" data-element_type=\"container\" data-e-type=\"container\">\n\t\t\t\t\t<div class=\"e-con-inner\">\n\t\t\t\t<div class=\"elementor-element elementor-element-79f28a6 elementor-widget elementor-widget-heading\" data-id=\"79f28a6\" data-element_type=\"widget\" data-e-type=\"widget\" data-widget_type=\"heading.default\">\n\t\t\t\t<div class=\"elementor-widget-container\">\n\t\t\t\t\t<h5 class=\"elementor-heading-title elementor-size-default\"><h5 class=\"elementor-heading-title elementor-size-default elementor-inline-editing pen\" data-elementor-setting-key=\"title\" data-pen-placeholder=\"Digite aqui...\" style=\"font-family: var( --e-global-typography-primary-font-family ), Sans-serif;font-style: normal;font-weight: var( --e-global-typography-primary-font-weight )\">Prazo de entrega?<\/h5><\/h5>\t\t\t\t<\/div>\n\t\t\t\t<\/div>\n\t\t\t\t<div class=\"elementor-element elementor-element-7ca4cc1 elementor-widget elementor-widget-text-editor\" data-id=\"7ca4cc1\" data-element_type=\"widget\" data-e-type=\"widget\" data-widget_type=\"text-editor.default\">\n\t\t\t\t<div class=\"elementor-widget-container\">\n\t\t\t\t\t\t\t\t\t<p>Envios a\u00e9reos dos Estados Unidos levam em m\u00e9dia 4 dias .<\/p><p>Para maiores informa\u00e7\u00f5es sobre prazo de envio ou qualquer outra d\u00favida, entre em\u00a0 contato conosco via whatsapp!<\/p>\t\t\t\t\t\t\t\t<\/div>\n\t\t\t\t<\/div>\n\t\t\t\t\t<\/div>\n\t\t\t\t<\/div>\n\t\t<div class=\"elementor-element elementor-element-4332456 e-flex e-con-boxed e-con e-parent\" data-id=\"4332456\" data-element_type=\"container\" data-e-type=\"container\">\n\t\t\t\t\t<div class=\"e-con-inner\">\n\t\t\t\t<div class=\"elementor-element elementor-element-251ee60 elementor-widget elementor-widget-spacer\" data-id=\"251ee60\" data-element_type=\"widget\" data-e-type=\"widget\" data-widget_type=\"spacer.default\">\n\t\t\t\t<div class=\"elementor-widget-container\">\n\t\t\t\t\t\t\t<div class=\"elementor-spacer\">\n\t\t\t<div class=\"elementor-spacer-inner\"><\/div>\n\t\t<\/div>\n\t\t\t\t\t\t<\/div>\n\t\t\t\t<\/div>\n\t\t\t\t\t<\/div>\n\t\t\t\t<\/div>\n\t\t\t\t<section class=\"elementor-section elementor-top-section elementor-element elementor-element-8bc26b0 elementor-hidden-desktop elementor-hidden-tablet elementor-hidden-mobile elementor-section-boxed elementor-section-height-default elementor-section-height-default\" data-id=\"8bc26b0\" data-element_type=\"section\" data-e-type=\"section\" data-settings=\"{&quot;background_background&quot;:&quot;classic&quot;}\">\n\t\t\t\t\t\t<div class=\"elementor-container elementor-column-gap-default\">\n\t\t\t\t\t<div class=\"elementor-column elementor-col-100 elementor-top-column elementor-element elementor-element-65869f7\" data-id=\"65869f7\" data-element_type=\"column\" data-e-type=\"column\">\n\t\t\t<div class=\"elementor-widget-wrap elementor-element-populated\">\n\t\t\t\t\t\t<div class=\"elementor-element elementor-element-47a1c75 elementor-view-default elementor-widget elementor-widget-icon\" data-id=\"47a1c75\" data-element_type=\"widget\" data-e-type=\"widget\" data-widget_type=\"icon.default\">\n\t\t\t\t<div class=\"elementor-widget-container\">\n\t\t\t\t\t\t\t<div class=\"elementor-icon-wrapper\">\n\t\t\t<div class=\"elementor-icon\">\n\t\t\t<i aria-hidden=\"true\" class=\"fas fa-plane\"><\/i>\t\t\t<\/div>\n\t\t<\/div>\n\t\t\t\t\t\t<\/div>\n\t\t\t\t<\/div>\n\t\t\t\t<div class=\"elementor-element elementor-element-84c39b4 elementor-widget elementor-widget-heading\" data-id=\"84c39b4\" data-element_type=\"widget\" data-e-type=\"widget\" data-widget_type=\"heading.default\">\n\t\t\t\t<div class=\"elementor-widget-container\">\n\t\t\t\t\t<h2 class=\"elementor-heading-title elementor-size-default\">Servi\u00e7o A\u00c9REO<\/h2>\t\t\t\t<\/div>\n\t\t\t\t<\/div>\n\t\t\t\t<div class=\"elementor-element elementor-element-4eafbb1 elementor-widget elementor-widget-heading\" data-id=\"4eafbb1\" data-element_type=\"widget\" data-e-type=\"widget\" data-widget_type=\"heading.default\">\n\t\t\t\t<div class=\"elementor-widget-container\">\n\t\t\t\t\t<h2 class=\"elementor-heading-title elementor-size-default\">TABELA DE PRE\u00c7OS DE ENVIO DE MIAMI AT\u00c9 PARAGUAI<\/h2>\t\t\t\t<\/div>\n\t\t\t\t<\/div>\n\t\t\t\t<div class=\"elementor-element elementor-element-c2257a1 elementor-widget elementor-widget-heading\" data-id=\"c2257a1\" data-element_type=\"widget\" data-e-type=\"widget\" data-widget_type=\"heading.default\">\n\t\t\t\t<div class=\"elementor-widget-container\">\n\t\t\t\t\t<h2 class=\"elementor-heading-title elementor-size-default\">Carga normal, pe\u00e7as para maquinas, diversos, eletr\u00f4nicos, corte de cabelo, brinquedos e etc...<\/h2>\t\t\t\t<\/div>\n\t\t\t\t<\/div>\n\t\t\t\t<div class=\"elementor-element elementor-element-1acd6ad elementor-widget-divider--view-line elementor-widget elementor-widget-divider\" data-id=\"1acd6ad\" data-element_type=\"widget\" data-e-type=\"widget\" data-widget_type=\"divider.default\">\n\t\t\t\t<div class=\"elementor-widget-container\">\n\t\t\t\t\t\t\t<div class=\"elementor-divider\">\n\t\t\t<span class=\"elementor-divider-separator\">\n\t\t\t\t\t\t<\/span>\n\t\t<\/div>\n\t\t\t\t\t\t<\/div>\n\t\t\t\t<\/div>\n\t\t\t\t<div class=\"elementor-element elementor-element-42e7fdd elementor-widget elementor-widget-heading\" data-id=\"42e7fdd\" data-element_type=\"widget\" data-e-type=\"widget\" data-widget_type=\"heading.default\">\n\t\t\t\t<div class=\"elementor-widget-container\">\n\t\t\t\t\t<h2 class=\"elementor-heading-title elementor-size-default\">Roupas, perfumes, cosm\u00e9ticos, maquiagem, rel\u00f3gios, t\u00eanis e etc...<\/h2>\t\t\t\t<\/div>\n\t\t\t\t<\/div>\n\t\t\t\t<div class=\"elementor-element elementor-element-6da74ad elementor-widget-divider--view-line elementor-widget elementor-widget-divider\" data-id=\"6da74ad\" data-element_type=\"widget\" data-e-type=\"widget\" data-widget_type=\"divider.default\">\n\t\t\t\t<div class=\"elementor-widget-container\">\n\t\t\t\t\t\t\t<div class=\"elementor-divider\">\n\t\t\t<span class=\"elementor-divider-separator\">\n\t\t\t\t\t\t<\/span>\n\t\t<\/div>\n\t\t\t\t\t\t<\/div>\n\t\t\t\t<\/div>\n\t\t\t\t<div class=\"elementor-element elementor-element-eab8238 elementor-widget elementor-widget-heading\" data-id=\"eab8238\" data-element_type=\"widget\" data-e-type=\"widget\" data-widget_type=\"heading.default\">\n\t\t\t\t<div class=\"elementor-widget-container\">\n\t\t\t\t\t<h2 class=\"elementor-heading-title elementor-size-default\">Smatphones e Produtos Apple (itens usados)<\/h2>\t\t\t\t<\/div>\n\t\t\t\t<\/div>\n\t\t\t\t<div class=\"elementor-element elementor-element-923cc9f elementor-widget-divider--view-line elementor-widget elementor-widget-divider\" data-id=\"923cc9f\" data-element_type=\"widget\" data-e-type=\"widget\" data-widget_type=\"divider.default\">\n\t\t\t\t<div class=\"elementor-widget-container\">\n\t\t\t\t\t\t\t<div class=\"elementor-divider\">\n\t\t\t<span class=\"elementor-divider-separator\">\n\t\t\t\t\t\t<\/span>\n\t\t<\/div>\n\t\t\t\t\t\t<\/div>\n\t\t\t\t<\/div>\n\t\t\t\t<div class=\"elementor-element elementor-element-ff93a3d elementor-widget elementor-widget-heading\" data-id=\"ff93a3d\" data-element_type=\"widget\" data-e-type=\"widget\" data-widget_type=\"heading.default\">\n\t\t\t\t<div class=\"elementor-widget-container\">\n\t\t\t\t\t<h2 class=\"elementor-heading-title elementor-size-default\">Smatphones e Produtos Apple (itens novos)<\/h2>\t\t\t\t<\/div>\n\t\t\t\t<\/div>\n\t\t\t\t<div class=\"elementor-element elementor-element-2cbb555 elementor-widget-divider--view-line elementor-widget elementor-widget-divider\" data-id=\"2cbb555\" data-element_type=\"widget\" data-e-type=\"widget\" data-widget_type=\"divider.default\">\n\t\t\t\t<div class=\"elementor-widget-container\">\n\t\t\t\t\t\t\t<div class=\"elementor-divider\">\n\t\t\t<span class=\"elementor-divider-separator\">\n\t\t\t\t\t\t<\/span>\n\t\t<\/div>\n\t\t\t\t\t\t<\/div>\n\t\t\t\t<\/div>\n\t\t\t\t<div class=\"elementor-element elementor-element-fedb635 elementor-widget elementor-widget-heading\" data-id=\"fedb635\" data-element_type=\"widget\" data-e-type=\"widget\" data-widget_type=\"heading.default\">\n\t\t\t\t<div class=\"elementor-widget-container\">\n\t\t\t\t\t<h2 class=\"elementor-heading-title elementor-size-default\">Acess\u00f3rios m\u00e9dicos<\/h2>\t\t\t\t<\/div>\n\t\t\t\t<\/div>\n\t\t\t\t<div class=\"elementor-element elementor-element-d0f360d elementor-widget-divider--view-line elementor-widget elementor-widget-divider\" data-id=\"d0f360d\" data-element_type=\"widget\" data-e-type=\"widget\" data-widget_type=\"divider.default\">\n\t\t\t\t<div class=\"elementor-widget-container\">\n\t\t\t\t\t\t\t<div class=\"elementor-divider\">\n\t\t\t<span class=\"elementor-divider-separator\">\n\t\t\t\t\t\t<\/span>\n\t\t<\/div>\n\t\t\t\t\t\t<\/div>\n\t\t\t\t<\/div>\n\t\t\t\t<div class=\"elementor-element elementor-element-f0ae18c elementor-widget elementor-widget-heading\" data-id=\"f0ae18c\" data-element_type=\"widget\" data-e-type=\"widget\" data-widget_type=\"heading.default\">\n\t\t\t\t<div class=\"elementor-widget-container\">\n\t\t\t\t\t<h2 class=\"elementor-heading-title elementor-size-default\">Peruca\/Cabelo, produtos para aplica\u00e7\u00e3o e acr\u00edlico para unha<\/h2>\t\t\t\t<\/div>\n\t\t\t\t<\/div>\n\t\t\t\t<div class=\"elementor-element elementor-element-23fde9c elementor-widget-divider--view-line elementor-widget elementor-widget-divider\" data-id=\"23fde9c\" data-element_type=\"widget\" data-e-type=\"widget\" data-widget_type=\"divider.default\">\n\t\t\t\t<div class=\"elementor-widget-container\">\n\t\t\t\t\t\t\t<div class=\"elementor-divider\">\n\t\t\t<span class=\"elementor-divider-separator\">\n\t\t\t\t\t\t<\/span>\n\t\t<\/div>\n\t\t\t\t\t\t<\/div>\n\t\t\t\t<\/div>\n\t\t\t\t<div class=\"elementor-element elementor-element-0163822 elementor-widget elementor-widget-heading\" data-id=\"0163822\" data-element_type=\"widget\" data-e-type=\"widget\" data-widget_type=\"heading.default\">\n\t\t\t\t<div class=\"elementor-widget-container\">\n\t\t\t\t\t<h2 class=\"elementor-heading-title elementor-size-default\">Envios para o Brasil, depender\u00e1 muito do intem enviado, os pre\u00e7os divulgados s\u00e3o apenas aproximados, por favor consulte-nos para uma melhor negocia\u00e7\u00e3o!<\/h2>\t\t\t\t<\/div>\n\t\t\t\t<\/div>\n\t\t\t\t<div class=\"elementor-element elementor-element-ece8870 elementor-alert-info elementor-widget elementor-widget-alert\" data-id=\"ece8870\" data-element_type=\"widget\" data-e-type=\"widget\" data-widget_type=\"alert.default\">\n\t\t\t\t<div class=\"elementor-widget-container\">\n\t\t\t\t\t\t\t<div class=\"elementor-alert\" role=\"alert\">\n\n\t\t\t\t\t\t<span class=\"elementor-alert-title\">MIAMI \/ PARAGUAI<\/span>\n\t\t\t\n\t\t\t\t\t\t<span class=\"elementor-alert-description\">Valores acima s\u00e3o exclusivo de A\u00c9REO de MIAMI \/ PARAGUAI.<\/span>\n\t\t\t\n\t\t\t\n\t\t<\/div>\n\t\t\t\t\t\t<\/div>\n\t\t\t\t<\/div>\n\t\t\t\t<div class=\"elementor-element elementor-element-4404d18 elementor-alert-danger elementor-widget elementor-widget-alert\" data-id=\"4404d18\" data-element_type=\"widget\" data-e-type=\"widget\" data-widget_type=\"alert.default\">\n\t\t\t\t<div class=\"elementor-widget-container\">\n\t\t\t\t\t\t\t<div class=\"elementor-alert\" role=\"alert\">\n\n\t\t\t\t\t\t<span class=\"elementor-alert-title\">CHINA \/ PARAGUAI<\/span>\n\t\t\t\n\t\t\t\t\t\t<span class=\"elementor-alert-description\">A partir de U$33,00kg CLIQUE AQUI e consulte.<\/span>\n\t\t\t\n\t\t\t\n\t\t<\/div>\n\t\t\t\t\t\t<\/div>\n\t\t\t\t<\/div>\n\t\t\t\t<div class=\"elementor-element elementor-element-db98c6e elementor-alert-success elementor-widget elementor-widget-alert\" data-id=\"db98c6e\" data-element_type=\"widget\" data-e-type=\"widget\" data-widget_type=\"alert.default\">\n\t\t\t\t<div class=\"elementor-widget-container\">\n\t\t\t\t\t\t\t<div class=\"elementor-alert\" role=\"alert\">\n\n\t\t\t\t\t\t<span class=\"elementor-alert-title\">VIA MAR\u00cdTIMO<\/span>\n\t\t\t\n\t\t\t\t\t\t<span class=\"elementor-alert-description\">De MIAMI \/ PARAGUAI a partir de U$10,00kg CLIQUE AQUI e consulte!<\/span>\n\t\t\t\n\t\t\t\n\t\t<\/div>\n\t\t\t\t\t\t<\/div>\n\t\t\t\t<\/div>\n\t\t\t\t\t<\/div>\n\t\t<\/div>\n\t\t\t\t\t<\/div>\n\t\t<\/section>\n\t\t<div class=\"elementor-element elementor-element-a57bff8 e-flex e-con-boxed e-con e-parent\" data-id=\"a57bff8\" data-element_type=\"container\" data-e-type=\"container\">\n\t\t\t\t\t<div class=\"e-con-inner\">\n\t\t\t\t<div class=\"elementor-element elementor-element-b29d306 elementor-widget elementor-widget-image\" data-id=\"b29d306\" data-element_type=\"widget\" data-e-type=\"widget\" data-widget_type=\"image.default\">\n\t\t\t\t<div class=\"elementor-widget-container\">\n\t\t\t\t\t\t\t\t\t\t\t\t\t\t\t<img decoding=\"async\" width=\"1920\" height=\"300\" src=\"https:\/\/easytl.com\/es\/wp-content\/uploads\/2024\/02\/whatsapp.png\" class=\"attachment-full size-full wp-image-3649\" alt=\"\" srcset=\"https:\/\/easytl.com\/es\/wp-content\/uploads\/2024\/02\/whatsapp.png 1920w, https:\/\/easytl.com\/es\/wp-content\/uploads\/2024\/02\/whatsapp-300x47.png 300w, https:\/\/easytl.com\/es\/wp-content\/uploads\/2024\/02\/whatsapp-1024x160.png 1024w, https:\/\/easytl.com\/es\/wp-content\/uploads\/2024\/02\/whatsapp-768x120.png 768w, https:\/\/easytl.com\/es\/wp-content\/uploads\/2024\/02\/whatsapp-1536x240.png 1536w\" sizes=\"(max-width: 1920px) 100vw, 1920px\" \/>\t\t\t\t\t\t\t\t\t\t\t\t\t\t\t<\/div>\n\t\t\t\t<\/div>\n\t\t\t\t\t<\/div>\n\t\t\t\t<\/div>\n\t\t\t\t<\/div>\n\t\t","protected":false},"excerpt":{"rendered":"<p>Conhe\u00e7a nosso servi\u00e7o de Pick Up! Imagine a cena: voc\u00ea, como cliente, desfrutando de uma sess\u00e3o de compras em uma loja em Miami, com uma variedade deslumbrante de produtos \u00e0 sua disposi\u00e7\u00e3o. Agora, considere a praticidade de ter uma solu\u00e7\u00e3o eficiente para cuidar da log\u00edstica p\u00f3s-compra. \u00c9 a\u00ed que entramos em a\u00e7\u00e3o. Ap\u00f3s voc\u00ea finalizar [&hellip;]<\/p>\n","protected":false},"author":1,"featured_media":0,"parent":0,"menu_order":0,"comment_status":"closed","ping_status":"closed","template":"elementor_header_footer","meta":{"footnotes":""},"class_list":["post-3771","page","type-page","status-publish","hentry"],"_links":{"self":[{"href":"https:\/\/easytl.com\/es\/wp-json\/wp\/v2\/pages\/3771","targetHints":{"allow":["GET"]}}],"collection":[{"href":"https:\/\/easytl.com\/es\/wp-json\/wp\/v2\/pages"}],"about":[{"href":"https:\/\/easytl.com\/es\/wp-json\/wp\/v2\/types\/page"}],"author":[{"embeddable":true,"href":"https:\/\/easytl.com\/es\/wp-json\/wp\/v2\/users\/1"}],"replies":[{"embeddable":true,"href":"https:\/\/easytl.com\/es\/wp-json\/wp\/v2\/comments?post=3771"}],"version-history":[{"count":0,"href":"https:\/\/easytl.com\/es\/wp-json\/wp\/v2\/pages\/3771\/revisions"}],"wp:attachment":[{"href":"https:\/\/easytl.com\/es\/wp-json\/wp\/v2\/media?parent=3771"}],"curies":[{"name":"wp","href":"https:\/\/api.w.org\/{rel}","templated":true}]}}